{"id":809,"date":"2025-07-21T12:03:13","date_gmt":"2025-07-21T17:03:13","guid":{"rendered":"https:\/\/comfaguajira.co\/maziruma\/?page_id=809"},"modified":"2026-03-03T09:53:49","modified_gmt":"2026-03-03T14:53:49","slug":"tarifas-pasadias","status":"publish","type":"page","link":"https:\/\/comfaguajira.co\/maziruma\/?page_id=809","title":{"rendered":"Tarifas Pasadia"},"content":{"rendered":"\t\t<div data-elementor-type=\"wp-page\" data-elementor-id=\"809\" class=\"elementor elementor-809\" data-elementor-post-type=\"page\">\n\t\t\t\t\t\t<section class=\"elementor-section elementor-top-section elementor-element elementor-element-dc490a6 elementor-section-full_width elementor-section-height-default elementor-section-height-default exad-glass-effect-no exad-sticky-section-no\" data-id=\"dc490a6\" data-element_type=\"section\" data-e-type=\"section\" data-settings=\"{&quot;background_background&quot;:&quot;gradient&quot;}\">\n\t\t\t\t\t\t\t<div class=\"elementor-background-overlay\"><\/div>\n\t\t\t\t\t\t\t<div class=\"elementor-container elementor-column-gap-default\">\n\t\t\t\t\t<div class=\"elementor-column elementor-col-100 elementor-top-column elementor-element elementor-element-654cad5 exad-glass-effect-no exad-sticky-section-no\" data-id=\"654cad5\" data-element_type=\"column\" data-e-type=\"column\">\n\t\t\t<div class=\"elementor-widget-wrap elementor-element-populated\">\n\t\t\t\t\t\t<div class=\"elementor-element elementor-element-4865df7 exad-sticky-section-no exad-glass-effect-no elementor-widget elementor-widget-heading\" data-id=\"4865df7\" data-element_type=\"widget\" data-e-type=\"widget\" data-widget_type=\"heading.default\">\n\t\t\t\t<div class=\"elementor-widget-container\">\n\t\t\t\t\t<h2 class=\"elementor-heading-title elementor-size-default\">TARIFAS DEL CENTRO\nRECREACIONAL Y VACACIONAL\nMAZIRUMA<\/h2>\t\t\t\t<\/div>\n\t\t\t\t<\/div>\n\t\t\t\t<div class=\"elementor-element elementor-element-44886b7 exad-sticky-section-no exad-glass-effect-no elementor-widget elementor-widget-text-editor\" data-id=\"44886b7\" data-element_type=\"widget\" data-e-type=\"widget\" data-widget_type=\"text-editor.default\">\n\t\t\t\t<div class=\"elementor-widget-container\">\n\t\t\t\t\t\t\t\t\tDibulla &#8211; La Guajira\t\t\t\t\t\t\t\t<\/div>\n\t\t\t\t<\/div>\n\t\t\t\t<div class=\"elementor-element elementor-element-51200d8 elementor-widget-divider--view-line_icon elementor-view-default elementor-widget-divider--element-align-center exad-sticky-section-no exad-glass-effect-no elementor-widget elementor-widget-divider\" data-id=\"51200d8\" data-element_type=\"widget\" data-e-type=\"widget\" data-widget_type=\"divider.default\">\n\t\t\t\t<div class=\"elementor-widget-container\">\n\t\t\t\t\t\t\t<div class=\"elementor-divider\">\n\t\t\t<span class=\"elementor-divider-separator\">\n\t\t\t\t\t\t\t<div class=\"elementor-icon elementor-divider__element\">\n\t\t\t\t\t<i aria-hidden=\"true\" class=\"fas fa-swimming-pool\"><\/i><\/div>\n\t\t\t\t\t\t<\/span>\n\t\t<\/div>\n\t\t\t\t\t\t<\/div>\n\t\t\t\t<\/div>\n\t\t\t\t<div class=\"elementor-element elementor-element-7b1d62d elementor-widget__width-initial exad-sticky-section-no exad-glass-effect-no elementor-widget elementor-widget-text-editor\" data-id=\"7b1d62d\" data-element_type=\"widget\" data-e-type=\"widget\" data-widget_type=\"text-editor.default\">\n\t\t\t\t<div class=\"elementor-widget-container\">\n\t\t\t\t\t\t\t\t\t<h4><strong><span style=\"color: #ffffff;\">\u00bfQu\u00e9 es el Pasad\u00eda Maziruma?<\/span><\/strong><\/h4><p>Disfrute de un d\u00eda de esparcimiento y recreaci\u00f3n en el centro recreacional Maziruma. Tenemos buses disponibles para que usted y su familia puedan disfrutar de un d\u00eda de esparcimiento y recreaci\u00f3n, los d\u00edas s\u00e1bados, domingos y festivos.<\/p>\t\t\t\t\t\t\t\t<\/div>\n\t\t\t\t<\/div>\n\t\t\t\t\t<\/div>\n\t\t<\/div>\n\t\t\t\t\t<\/div>\n\t\t<\/section>\n\t\t\t\t<section class=\"elementor-section elementor-top-section elementor-element elementor-element-4ef3136 elementor-section-boxed elementor-section-height-default elementor-section-height-default exad-glass-effect-no exad-sticky-section-no\" data-id=\"4ef3136\" data-element_type=\"section\" data-e-type=\"section\" id=\"superior\" data-settings=\"{&quot;background_background&quot;:&quot;classic&quot;}\">\n\t\t\t\t\t\t<div class=\"elementor-container elementor-column-gap-default\">\n\t\t\t\t\t<div class=\"elementor-column elementor-col-100 elementor-top-column elementor-element elementor-element-61d0d62 exad-glass-effect-no exad-sticky-section-no\" data-id=\"61d0d62\" data-element_type=\"column\" data-e-type=\"column\">\n\t\t\t<div class=\"elementor-widget-wrap elementor-element-populated\">\n\t\t\t\t\t\t<div class=\"elementor-element elementor-element-4187e04 exad-sticky-section-no exad-glass-effect-no elementor-widget elementor-widget-exad-exclusive-tabs\" data-id=\"4187e04\" data-element_type=\"widget\" data-e-type=\"widget\" data-widget_type=\"exad-exclusive-tabs.default\">\n\t\t\t\t<div class=\"elementor-widget-container\">\n\t\t\t\t\t\t\t<div class=\"exad-tabs-4187e04 exad-advance-tab exad-tab-horizontal-full-width exad-tab-align-center\" data-tabs>\r\n\t\t\t\r\n\t\t\t<ul class=\"exad-advance-tab-nav\">\r\n\t\t\t\t\t\t\t\t\t<li class=\"active \" data-tab>\r\n\t\t\t\t\t\t\t\t\t\t\t\t<span class=\"exad-tab-title\">\r\n\t\t\t\t\t\tPROGRAMA DE PASAD\u00cdAS\t\t\t\t\t\t<\/span>\r\n\t\t\t\t\t<\/li>\r\n\t\t\t\t\t\t\t\t\t<li class=\" \" data-tab>\r\n\t\t\t\t\t\t\t\t\t\t\t\t<span class=\"exad-tab-title\">\r\n\t\t\t\t\t\tALQUILER DE ESPACIOS\t\t\t\t\t\t<\/span>\r\n\t\t\t\t\t<\/li>\r\n\t\t\t\t\t\t\t<\/ul>\r\n\t\t\t\r\n\t\t\t\t\t\t\t<div class=\"exad-advance-tab-content exad-tab-image-has-no active exad-tab-image-right\">\r\n\t\t\t\t\t\t\t\t\t\t\t<div class=\"exad-advance-tab-content-element\">\r\n\t\t\t\t\t\t\t<div class=\"exad-advance-tab-content-description\">\r\n\t\t\t\t\t\t\t<p><span style=\"color: #003366\"><strong>ENTRADA Y USO DEL CENTRO<\/strong><\/span><\/p><div class=\"wrapper-tabla-custom\"><table class=\"tabla-pro\"><thead><tr><th style=\"vertical-align: middle\" rowspan=\"2\">Productos y\/o servicios<\/th><th style=\"text-align: center\" colspan=\"5\">Tarifas por categor\u00edas A\u00f1o 2026<br \/><small>(INCLUYEN IVA 19%)<\/small><\/th><\/tr><tr><th style=\"text-align: center\">Categor\u00eda A<\/th><th style=\"text-align: center\">Categor\u00eda B<\/th><th style=\"text-align: center\">Categor\u00eda C<\/th><th style=\"text-align: center\">Empresa afiliada<\/th><th style=\"text-align: center\">Particular<\/th><\/tr><\/thead><tbody><tr><td><strong>Entrada al centro<\/strong><\/td><td style=\"text-align: center\">650<\/td><td style=\"text-align: center\">3.250<\/td><td style=\"text-align: center\">11.900<\/td><td style=\"text-align: center\">13.000<\/td><td style=\"text-align: center\">18.000<\/td><\/tr><\/tbody><\/table><\/div><p style=\"font-family: 'Montserrat', sans-serif;font-size: 14px;margin-top: 10px;color: #333\"><strong>INCLUYE:<\/strong> Entrada al centro con derecho a piscinas, parque infantil, canchas deportivas (no incluye los implementos deportivos), parqueadero vigilado.<\/p><hr \/><div class=\"wrapper-tabla-custom\"><table class=\"tabla-pro\"><thead><tr><th style=\"vertical-align: middle;width: 35%;background-color: #f2a900;color: #000;text-align: center\" rowspan=\"2\">PASADIA MAZIRUMA SIN TRANSPORTE (Comida + entrada al centro)<\/th><th style=\"text-align: center\">Cat. A<\/th><th style=\"text-align: center\">Cat. B<\/th><th style=\"text-align: center\">Cat. C<\/th><th style=\"text-align: center\">Emp. afiliada<\/th><th style=\"text-align: center\">Particular<\/th><\/tr><tr><td style=\"text-align: center\">$ 36.650<\/td><td style=\"text-align: center\">$ 39.250<\/td><td style=\"text-align: center\">$ 48.000<\/td><td style=\"text-align: center\">$ 49.000<\/td><td style=\"text-align: center\">$ 54.300<\/td><\/tr><\/thead><\/table><\/div><p style=\"font-family: 'Montserrat', sans-serif;font-size: 14px;margin-top: 10px\"><strong>INCLUYE:<\/strong> Almuerzo ejecutivo, entrada al centro con derecho a piscinas.<\/p><hr \/><div class=\"wrapper-tabla-custom\"><table class=\"tabla-pro\"><thead><tr><th style=\"vertical-align: middle;width: 35%;background-color: #f2a900;color: #000;text-align: center\" rowspan=\"2\">PASADIA A MAZIRUMA CON TRANSPORTE DESDE LOS MUNICIPIOS (Transporte + comida + entrada al centro)<\/th><th style=\"text-align: center\">Cat. A<\/th><th style=\"text-align: center\">Cat. B<\/th><th style=\"text-align: center\">Cat. C<\/th><th style=\"text-align: center\">Emp. afiliada<\/th><th style=\"text-align: center\">Particular<\/th><\/tr><\/thead><tbody><tr><td>Pasad\u00eda con transporte Riohacha<\/td><td style=\"text-align: center\">$ 55.200<\/td><td style=\"text-align: center\">$ 62.600<\/td><td style=\"text-align: center\">$ 89.100<\/td><td style=\"text-align: center\">$ 94.400<\/td><td style=\"text-align: center\">$ 101.800<\/td><\/tr><tr><td>Pasad\u00eda con transporte desde Maicao<\/td><td style=\"text-align: center\">$ 67.300<\/td><td style=\"text-align: center\">$ 76.900<\/td><td style=\"text-align: center\">$ 136.600<\/td><td style=\"text-align: center\">$ 146.200<\/td><td style=\"text-align: center\">$ 155.800<\/td><\/tr><tr><td>Pasad\u00eda con transporte Manaure, Uribia<\/td><td style=\"text-align: center\">$ 78.000<\/td><td style=\"text-align: center\">$ 87.600<\/td><td style=\"text-align: center\">$ 147.400<\/td><td style=\"text-align: center\">$ 157.000<\/td><td style=\"text-align: center\">$ 166.600<\/td><\/tr><tr><td>Pasad\u00eda con transporte Fonseca, Barrancas<\/td><td style=\"text-align: center\">$ 72.600<\/td><td style=\"text-align: center\">$ 82.200<\/td><td style=\"text-align: center\">$ 142.000<\/td><td style=\"text-align: center\">$ 151.600<\/td><td style=\"text-align: center\">$ 171.900<\/td><\/tr><tr><td>Pasad\u00eda con transporte San juan, El Molino, Villanueva<\/td><td style=\"text-align: center\">$ 84.400<\/td><td style=\"text-align: center\">$ 96.200<\/td><td style=\"text-align: center\">$ 153.900<\/td><td style=\"text-align: center\">$ 165.600<\/td><td style=\"text-align: center\">$ 183.800<\/td><\/tr><\/tbody><\/table><\/div><hr \/><div class=\"wrapper-tabla-custom\"><table class=\"tabla-pro\"><thead><tr><th style=\"vertical-align: middle;width: 60%;background-color: #f2a900;color: #000;text-align: center\" rowspan=\"2\">PASADIA MAZIRUMA SIN TRANSPORTE (Comida + entrada al centro)<\/th><th style=\"text-align: center\">Cat. A<\/th><th style=\"text-align: center\">Cat. B<\/th><\/tr><tr><td style=\"text-align: center\">$ 21.700<\/td><td style=\"text-align: center\">$ 24.100<\/td><\/tr><\/thead><\/table><\/div><p style=\"font-family: 'Montserrat', sans-serif;font-size: 14px;margin-top: 10px\"><strong>INCLUYE:<\/strong> Un (1) almuerzo tipo ejecutivo, entrada con derecho a piscina, instalaciones recreativas y zona de juegos. Entrada al Centro Vacacional disfrutando de las instalaciones, piscina de adultos, Piscina de ni\u00f1os, lanzamientos al tobog\u00e1n, oferta permanente de snack (cafeter\u00eda) y helados a la venta de 9:00 a.m.<br \/>a 6:00 p.m., Vigilancia, Parqueadero. NO incluye transporte.<\/p><hr \/><div class=\"wrapper-tabla-custom\"><table class=\"tabla-pro\"><thead><tr><th style=\"vertical-align: middle;width: 45%\" rowspan=\"2\">PASADIA A MAZIRUMA CON TRANSPORTE DESDE LOS MUNICIPIOS<br \/><small>(Transporte + comida + entrada al centro)<\/small><\/th><th style=\"text-align: center\" colspan=\"2\">Tarifas Promocionales<\/th><\/tr><tr><th style=\"text-align: center\">Cat. A<\/th><th style=\"text-align: center\">Cat. B<\/th><\/tr><\/thead><tbody><tr><td><strong>Pasad\u00eda con transporte Riohacha<\/strong><\/td><td style=\"text-align: center\">$ 38.000<\/td><td style=\"text-align: center\">$ 45.000<\/td><\/tr><tr><td><strong>Pasad\u00eda con transporte desde Maicao<\/strong><\/td><td style=\"text-align: center\">$ 49.000<\/td><td style=\"text-align: center\">$ 58.000<\/td><\/tr><tr><td><strong>Pasad\u00eda con transporte Manaure, Uribia<\/strong><\/td><td style=\"text-align: center\">$ 59.000<\/td><td style=\"text-align: center\">$ 68.000<\/td><\/tr><tr><td><strong>Pasad\u00eda con transporte Fonseca, Barrancas<\/strong><\/td><td style=\"text-align: center\">$ 54.000<\/td><td style=\"text-align: center\">$ 63.000<\/td><\/tr><tr><td><strong>Pasad\u00eda con transporte San Juan, El Molino, Villanueva<\/strong><\/td><td style=\"text-align: center\">$ 65.000<\/td><td style=\"text-align: center\">$ 76.000<\/td><\/tr><\/tbody><\/table><\/div><div style=\"font-family: 'Montserrat', sans-serif;font-size: 13px;margin-top: 15px;color: #333;line-height: 1.6\"><p><span style=\"color: #000000\"><strong>INCLUYE:<\/strong> Un (1) almuerzo tipo ejecutivo, entrada con derecho a piscina, instalaciones recreativas. Entrada al Centro Vacacional disfrutando de las instalaciones, piscina de adultos, Piscina de ni\u00f1os, 5 lanzamientos al tobog\u00e1n, oferta permanente de snack (cafeter\u00eda) y helados a la venta de 9:00 a.m. a 6:00 p.m., Vigilancia, Parqueadero. <strong>Incluye transporte.<\/strong><\/span><\/p><p style=\"font-style: italic;border-left: 3px solid #002367;padding-left: 10px;margin-top: 10px\"><span style=\"color: #000000\">Durante el a\u00f1o tendremos tarifas promocionales que no aplicar\u00e1n para las siguientes fechas que catalogamos como temporada alta, en las que se cobrar\u00e1 tarifa plena:<\/span><\/p><ul style=\"list-style-type: '\u2756 ';padding-left: 20px\"><li><span style=\"color: #000000\">Semana santa (del 13 al 20 de abril)<\/span><\/li><li><span style=\"color: #000000\">Del 15 de junio al 20 de julio<\/span><\/li><li><span style=\"color: #000000\">Del 20 de noviembre al 20 de enero<\/span><\/li><\/ul><\/div>\t\t\t\t\t\t\t<\/div>\r\n\t\t\t\t\t\t\t\t\t\t\t\t\t\t\t\r\n\t\t\t\t\t\t\t\t<a class=\"exad-tab-btn\" href=\"#superior\">\r\n\t\t\t\t\t\t\t\tVolver Arriba\t\t\t\t\t\t\t\t<\/a>\r\n\t\t\t\t\t\t\t\t\r\n\t\t\t\t\t\t\t\t\t\t\t\t\t<\/div>\r\n\t\t\t\t\t\t\t\t\t\t\t\t\t\t\t<\/div>\r\n\t\t\t\t\t\t\t<div class=\"exad-advance-tab-content exad-tab-image-has-no  exad-tab-image-right\">\r\n\t\t\t\t\t\t\t\t\t\t\t<div class=\"exad-advance-tab-content-element\">\r\n\t\t\t\t\t\t\t<div class=\"exad-advance-tab-content-description\">\r\n\t\t\t\t\t\t\t<p><strong><span style=\"color: #003366\">TARIFAS ALQUILER DE ESPACIO - AUDITORIO MAZIRUMA<\/span><\/strong><\/p><div class=\"wrapper-tabla-custom\"><table class=\"tabla-pro\"><thead><tr><th style=\"vertical-align: middle\" rowspan=\"2\">Productos y\/o servicios<\/th><th style=\"text-align: center\" colspan=\"5\">Tarifas por categor\u00edas A\u00f1o 2026<br \/><small>(INCLUYEN IVA 19%)<\/small><\/th><\/tr><tr><th style=\"text-align: center\">Categor\u00eda A<\/th><th style=\"text-align: center\">Categor\u00eda B<\/th><th style=\"text-align: center\">Categor\u00eda C<\/th><th style=\"text-align: center\">Empresa afiliada<\/th><th style=\"text-align: center\">Particular<\/th><\/tr><\/thead><tbody><tr><td><strong>Auditorio<\/strong><\/td><td style=\"text-align: center\">207.000<\/td><td style=\"text-align: center\">240.000<\/td><td style=\"text-align: center\">433.000<\/td><td style=\"text-align: center\">478.000<\/td><td style=\"text-align: center\">498.000<\/td><\/tr><tr><td><strong>Sal\u00f3n 1<\/strong><\/td><td style=\"text-align: center\">78.000<\/td><td style=\"text-align: center\">85.000<\/td><td style=\"text-align: center\">129.000<\/td><td style=\"text-align: center\">161.000<\/td><td style=\"text-align: center\">170.000<\/td><\/tr><tr><td><strong>Sal\u00f3n 2<\/strong><\/td><td style=\"text-align: center\">63.000<\/td><td style=\"text-align: center\">68.000<\/td><td style=\"text-align: center\">95.000<\/td><td style=\"text-align: center\">117.000<\/td><td style=\"text-align: center\">127.000<\/td><\/tr><tr><td><strong>Sal\u00f3n 3<\/strong><\/td><td style=\"text-align: center\">108.000<\/td><td style=\"text-align: center\">118.000<\/td><td style=\"text-align: center\">165.000<\/td><td style=\"text-align: center\">203.000<\/td><td style=\"text-align: center\">218.000<\/td><\/tr><\/tbody><\/table><\/div><p style=\"font-family: 'Montserrat', sans-serif;font-size: 13px;margin-top: 10px\"><strong>Incluye:<\/strong> IVA, Arom\u00e1tica, Caf\u00e9 y Agua.<\/p><hr \/><p><strong>EST\u00c1NDAR DE SERVICIO DE COOFE BREAK SEG\u00daN CAPACIDAD DE SAL\u00d3N<\/strong><br \/>CAPACIDAD DEL SAL\u00d3N:<br \/>\u25cf De 1 a 40 personas servicio de caf\u00e9 (1 termo), arom\u00e1tica (1 termo) y (1) dispensador de agua por jornada.<br \/>\u25cf De 1 a 200 personas servicio de Greca de caf\u00e9 y arom\u00e1tica para 200 personas y (3) dispensador de agua por jornada.<\/p><p><strong><span style=\"color: #003366\">SERVICIO ADICIONALES DE COFFE BREAK (agua, caf\u00e9 y arom\u00e1tica)<\/span><\/strong><\/p><div class=\"wrapper-tabla-custom\"><table class=\"tabla-pro\"><thead><tr><th>SERVICIO<\/th><th style=\"text-align: center\">Valor tarifa<\/th><\/tr><\/thead><tbody><tr><td><strong>Servicio de caf\u00e9 en termo para 20 pax<\/strong><\/td><td style=\"text-align: center\">14.000<\/td><\/tr><tr><td><strong>Servicio de arom\u00e1tica en termo para 20 pax<\/strong><\/td><td style=\"text-align: center\">14.000<\/td><\/tr><tr><td><strong>Servicio de greca de caf\u00e9 y arom\u00e1tica<\/strong><\/td><td style=\"text-align: center\">94.000<\/td><\/tr><\/tbody><\/table><\/div><hr \/><p><span style=\"color: #003366\"><strong>TARIFAS ALQUILER DE HAMACAS POR D\u00cdA<\/strong><\/span><\/p><div class=\"wrapper-tabla-custom\"><table class=\"tabla-pro\"><thead><tr><th style=\"vertical-align: middle\" rowspan=\"2\">Productos y\/o servicios<\/th><th style=\"text-align: center\" colspan=\"5\">Tarifas por categor\u00edas A\u00f1o 2026<br \/><small>(INCLUYEN IVA 19%)<\/small><\/th><\/tr><tr><th style=\"text-align: center\">Categor\u00eda A<\/th><th style=\"text-align: center\">Categor\u00eda B<\/th><th style=\"text-align: center\">Categor\u00eda C<\/th><th style=\"text-align: center\">Empresa afiliada<\/th><th style=\"text-align: center\">Particular<\/th><\/tr><\/thead><tbody><tr><td><strong>Alquiler de hamacas<\/strong><\/td><td style=\"text-align: center\">10.000<\/td><td style=\"text-align: center\">10.800<\/td><td style=\"text-align: center\">11.900<\/td><td style=\"text-align: center\">12.500<\/td><td style=\"text-align: center\">13.000<\/td><\/tr><\/tbody><\/table><\/div><p style=\"font-family: 'Montserrat', sans-serif;font-size: 13px;margin-top: 10px\"><strong>Incluye:<\/strong> Alquiler de la hamaca por la estad\u00eda (M\u00e1x. un (1) d\u00eda).<\/p><hr \/><p><span style=\"color: #003366\"><strong>TARIFAS POR MESERO<\/strong><\/span><\/p><div class=\"wrapper-tabla-custom\"><table class=\"tabla-pro\"><thead><tr><th style=\"vertical-align: middle\">DESCRIPCI\u00d3N<\/th><th style=\"text-align: center\">TARIFA<\/th><\/tr><\/thead><tbody><tr><td><strong>Meseros por Eventos<\/strong><\/td><td style=\"text-align: center\">150.000<\/td><\/tr><\/tbody><\/table><\/div><p style=\"font-family: 'Montserrat', sans-serif;font-size: 13px;margin-top: 15px;color: #333\"><strong>NOTA:<\/strong> <u>Es necesario contratar un mesero por cada 20 personas.<\/u><\/p><hr \/><p><strong><span style=\"color: #003366\">TARIFAS ENSERES POR EVENTO<\/span><\/strong><\/p><div class=\"wrapper-tabla-custom\"><table class=\"tabla-pro\"><thead><tr><th style=\"vertical-align: middle\">CONCEPTO<\/th><th style=\"text-align: center\">Valor tarifa<\/th><\/tr><\/thead><tbody><tr><td><strong>Mesas Vestidas (Redondas o Rectangulares)<\/strong><\/td><td style=\"text-align: center\">32.400<\/td><\/tr><tr><td><strong>Mantel y sobremantel adicional<\/strong><\/td><td style=\"text-align: center\">15.200<\/td><\/tr><tr><td><strong>Mantel<\/strong><\/td><td style=\"text-align: center\">9.700<\/td><\/tr><tr><td><strong>Sobremantel<\/strong><\/td><td style=\"text-align: center\">5.400<\/td><\/tr><tr><td><strong>Sillas Vestidas con Lazo<\/strong><\/td><td style=\"text-align: center\">8.700<\/td><\/tr><tr><td><strong>Sillas Tifany<\/strong><\/td><td style=\"text-align: center\">10.800<\/td><\/tr><\/tbody><\/table><\/div><p style=\"font-family: 'Montserrat', sans-serif;font-size: 13px;margin-top: 15px;color: #333;line-height: 1.5\"><strong>OBSERVACI\u00d3N:<\/strong> Para tener derecho a las tarifas diferenciales de afiliados a Comfaguajira es indispensable la presentaci\u00f3n de la c\u00e9dula u otro documento de identificaci\u00f3n.<\/p>\t\t\t\t\t\t\t<\/div>\r\n\t\t\t\t\t\t\t\t\t\t\t\t\t\t\t\r\n\t\t\t\t\t\t\t\t<a class=\"exad-tab-btn\" href=\"#superior\">\r\n\t\t\t\t\t\t\t\tVolver Arriba\t\t\t\t\t\t\t\t<\/a>\r\n\t\t\t\t\t\t\t\t\r\n\t\t\t\t\t\t\t\t\t\t\t\t\t<\/div>\r\n\t\t\t\t\t\t\t\t\t\t\t\t\t\t\t<\/div>\r\n\t\t\t\t\t<\/div>\r\n\t\t\t\t\t<\/div>\n\t\t\t\t<\/div>\n\t\t\t\t\t<\/div>\n\t\t<\/div>\n\t\t\t\t\t<\/div>\n\t\t<\/section>\n\t\t\t\t<\/div>\n\t\t","protected":false},"excerpt":{"rendered":"<p>TARIFAS DEL CENTRO RECREACIONAL Y VACACIONAL MAZIRUMA Dibulla &#8211; La Guajira \u00bfQu\u00e9 es el Pasad\u00eda Maziruma? Disfrute de un d\u00eda de esparcimiento y recreaci\u00f3n en el centro recreacional Maziruma. Tenemos buses disponibles para que usted y su familia puedan disfrutar de un d\u00eda de esparcimiento y recreaci\u00f3n, los d\u00edas s\u00e1bados, domingos y festivos. PROGRAMA DE [&hellip;]<\/p>\n","protected":false},"author":1,"featured_media":0,"parent":0,"menu_order":0,"comment_status":"closed","ping_status":"closed","template":"elementor_header_footer","meta":{"site-sidebar-layout":"default","site-content-layout":"","ast-site-content-layout":"default","site-content-style":"default","site-sidebar-style":"default","ast-global-header-display":"","ast-banner-title-visibility":"","ast-main-header-display":"","ast-hfb-above-header-display":"","ast-hfb-below-header-display":"","ast-hfb-mobile-header-display":"","site-post-title":"","ast-breadcrumbs-content":"","ast-featured-img":"","footer-sml-layout":"","ast-disable-related-posts":"","theme-transparent-header-meta":"default","adv-header-id-meta":"","stick-header-meta":"","header-above-stick-meta":"","header-main-stick-meta":"","header-below-stick-meta":"","astra-migrate-meta-layouts":"set","ast-page-background-enabled":"default","ast-page-background-meta":{"desktop":{"background-color":"var(--ast-global-color-4)","background-image":"","background-repeat":"repeat","background-position":"center center","background-size":"auto","background-attachment":"scroll","background-type":"","background-media":"","overlay-type":"","overlay-color":"","overlay-opacity":"","overlay-gradient":""},"tablet":{"background-color":"","background-image":"","background-repeat":"repeat","background-position":"center center","background-size":"auto","background-attachment":"scroll","background-type":"","background-media":"","overlay-type":"","overlay-color":"","overlay-opacity":"","overlay-gradient":""},"mobile":{"background-color":"","background-image":"","background-repeat":"repeat","background-position":"center center","background-size":"auto","background-attachment":"scroll","background-type":"","background-media":"","overlay-type":"","overlay-color":"","overlay-opacity":"","overlay-gradient":""}},"ast-content-background-meta":{"desktop":{"background-color":"var(--ast-global-color-5)","background-image":"","background-repeat":"repeat","background-position":"center center","background-size":"auto","background-attachment":"scroll","background-type":"","background-media":"","overlay-type":"","overlay-color":"","overlay-opacity":"","overlay-gradient":""},"tablet":{"background-color":"var(--ast-global-color-5)","background-image":"","background-repeat":"repeat","background-position":"center center","background-size":"auto","background-attachment":"scroll","background-type":"","background-media":"","overlay-type":"","overlay-color":"","overlay-opacity":"","overlay-gradient":""},"mobile":{"background-color":"var(--ast-global-color-5)","background-image":"","background-repeat":"repeat","background-position":"center center","background-size":"auto","background-attachment":"scroll","background-type":"","background-media":"","overlay-type":"","overlay-color":"","overlay-opacity":"","overlay-gradient":""}},"footnotes":""},"class_list":["post-809","page","type-page","status-publish","hentry"],"_links":{"self":[{"href":"https:\/\/comfaguajira.co\/maziruma\/index.php?rest_route=\/wp\/v2\/pages\/809","targetHints":{"allow":["GET"]}}],"collection":[{"href":"https:\/\/comfaguajira.co\/maziruma\/index.php?rest_route=\/wp\/v2\/pages"}],"about":[{"href":"https:\/\/comfaguajira.co\/maziruma\/index.php?rest_route=\/wp\/v2\/types\/page"}],"author":[{"embeddable":true,"href":"https:\/\/comfaguajira.co\/maziruma\/index.php?rest_route=\/wp\/v2\/users\/1"}],"replies":[{"embeddable":true,"href":"https:\/\/comfaguajira.co\/maziruma\/index.php?rest_route=%2Fwp%2Fv2%2Fcomments&post=809"}],"version-history":[{"count":55,"href":"https:\/\/comfaguajira.co\/maziruma\/index.php?rest_route=\/wp\/v2\/pages\/809\/revisions"}],"predecessor-version":[{"id":923,"href":"https:\/\/comfaguajira.co\/maziruma\/index.php?rest_route=\/wp\/v2\/pages\/809\/revisions\/923"}],"wp:attachment":[{"href":"https:\/\/comfaguajira.co\/maziruma\/index.php?rest_route=%2Fwp%2Fv2%2Fmedia&parent=809"}],"curies":[{"name":"wp","href":"https:\/\/api.w.org\/{rel}","templated":true}]}}